{"id":11518,"date":"2025-01-05T00:00:54","date_gmt":"2025-01-04T23:00:54","guid":{"rendered":"https:\/\/geoteam.be\/product\/hunted\/"},"modified":"2024-05-22T11:20:14","modified_gmt":"2024-05-22T09:20:14","slug":"hunted","status":"publish","type":"product","link":"https:\/\/www.geoteam.be\/fr\/produit\/hunted\/","title":{"rendered":"Hunted"},"content":{"rendered":"","protected":false},"excerpt":{"rendered":"<p>Vous serez en comp\u00e9tition les uns avec les autres! Au cours de ce jeu urbain sportif et passionnant, vous jouez le r\u00f4le de criminel aussi bien que du chasseur de primes. \u00c0 mi-chemin dans le jeu de ville, les r\u00f4les sont invers\u00e9s! Vous jouez le mieux avec un nombre pair d&rsquo;\u00e9quipes!<\/p>\n","protected":false},"featured_media":8618,"template":"","meta":[],"product_brand":[],"product_cat":[296,297],"product_tag":[],"giftcard-category":[],"tempo":[529,527],"themas":[],"landen":[533,535,539,541,537],"titels-spelen":[],"gezelschappen":[552,549,714,705],"leeftijdscategorieen":[553],"steden":[555,557,565,567,569,563,571,573,575,577,579,581,559,583,585,587,589,591,593,595,597,599,601,603,561,605,607,609,611,613,615,617,619,621,623,625,627,629,631,633,635,637,639,641,643,645,647,649,651,653,655,657,659,661,663,665,667,669,671,673,675,677,679,681,683,685,687,689,691,693],"class_list":{"0":"post-11518","1":"product","2":"type-product","3":"status-publish","4":"has-post-thumbnail","6":"product_cat-b2c-fr","7":"product_cat-outdoor","8":"tempo-peu-importe-fr","9":"tempo-sportif-fr","10":"landen-lallemagne-fr","11":"landen-belgique-fr","12":"landen-la-france-fr","13":"landen-le-luxembourg-fr","14":"landen-les-pays-bas-fr","15":"gezelschappen-tieners-fr","16":"gezelschappen-amis-et-famille-fr","17":"gezelschappen-association","18":"gezelschappen-collegues-fr-2","19":"leeftijdscategorieen-14-ans-fr","20":"steden-aachen-fr","21":"steden-aalst-fr","22":"steden-aarlen-fr","23":"steden-aarschot-fr","24":"steden-amiens-fr","25":"steden-antwerpen-fr","26":"steden-arras-fr","27":"steden-bergen-fr","28":"steden-blankenberge-fr","29":"steden-bornem-fr","30":"steden-breda-fr","31":"steden-bredene-fr","32":"steden-brugge-fr","33":"steden-brussel-fr","34":"steden-charleroi-fr","35":"steden-de-haan-fr","36":"steden-de-panne-fr","37":"steden-dendermonde-fr","38":"steden-diest-fr","39":"steden-diksmuide-fr","40":"steden-doornik-fr","41":"steden-eeklo-fr","42":"steden-eindhoven-fr","43":"steden-genk-fr","44":"steden-gent-fr","45":"steden-geraardsbergen-fr","46":"steden-halle-fr","47":"steden-hasselt-fr","48":"steden-heist-op-den-berg-fr","49":"steden-ieper-fr","50":"steden-knokke-heist-fr","51":"steden-koksijde-fr","52":"steden-kortrijk-fr","53":"steden-leuven-fr","54":"steden-lier-fr","55":"steden-lokeren-fr","56":"steden-lommel-fr","57":"steden-louvain-la-neuve-fr","58":"steden-luik-fr","59":"steden-luxemburg-fr","60":"steden-maaseik-fr","61":"steden-maasmechelen-fr","62":"steden-maastricht-fr","63":"steden-marche-en-famenne-fr","64":"steden-mechelen-fr","65":"steden-menen-fr","66":"steden-middelburg-fr","67":"steden-middelkerke-fr","68":"steden-namen-fr","69":"steden-nieuwpoort-fr","70":"steden-nijvel-fr","71":"steden-oostende-fr","72":"steden-oudenaarde-fr","73":"steden-reims-fr","74":"steden-rijsel-fr","75":"steden-roeselare-fr","76":"steden-sint-niklaas-fr","77":"steden-sint-truiden-fr","78":"steden-spa-fr","79":"steden-tielt-fr","80":"steden-tienen-fr","81":"steden-tilburg-fr","82":"steden-tongeren-fr","83":"steden-turnhout-fr","84":"steden-valenciennes-fr","85":"steden-veurne-fr","86":"steden-waregem-fr","87":"steden-waterschei-fr","88":"steden-wenduine-fr","89":"steden-winterslag-fr","91":"first","92":"instock","93":"featured","94":"taxable","95":"shipping-taxable","96":"purchasable","97":"product-type-variable"},"yoast_head":"<!-- This site is optimized with the Yoast SEO plugin v27.1.1 - https:\/\/yoast.com\/product\/yoast-seo-wordpress\/ -->\n<title>Jeu de ville passionnant Hunted - Do-it-yourself avec vos amis<\/title>\n<meta name=\"description\" content=\"Criminels et chasseurs de primes s&#039;affrontent dans ce jeu de ville passionnant et sportif. Quelle ville choisirez-vous comme sc\u00e8ne de crime ?\" \/>\n<meta name=\"robots\" content=\"index, follow, max-snippet:-1, max-image-preview:large, max-video-preview:-1\" \/>\n<link rel=\"canonical\" href=\"https:\/\/www.geoteam.be\/fr\/produit\/hunted\/\" \/>\n<meta property=\"og:locale\" content=\"fr_FR\" \/>\n<meta property=\"og:type\" content=\"article\" \/>\n<meta property=\"og:title\" content=\"Jeu de ville passionnant Hunted - Do-it-yourself avec vos amis\" \/>\n<meta property=\"og:description\" content=\"Criminels et chasseurs de primes s&#039;affrontent dans ce jeu de ville passionnant et sportif. Quelle ville choisirez-vous comme sc\u00e8ne de crime ?\" \/>\n<meta property=\"og:url\" content=\"https:\/\/www.geoteam.be\/fr\/produit\/hunted\/\" \/>\n<meta property=\"og:site_name\" content=\"Geoteam\" \/>\n<meta property=\"og:image\" content=\"https:\/\/www.geoteam.be\/wp-content\/uploads\/2024\/01\/Stadsspel_Hunted.jpg\" \/>\n\t<meta property=\"og:image:width\" content=\"374\" \/>\n\t<meta property=\"og:image:height\" content=\"370\" \/>\n\t<meta property=\"og:image:type\" content=\"image\/jpeg\" \/>\n<meta name=\"twitter:card\" content=\"summary_large_image\" \/>\n<meta name=\"twitter:label1\" content=\"Dur\u00e9e de lecture estim\u00e9e\" \/>\n\t<meta name=\"twitter:data1\" content=\"1 minute\" \/>\n<script type=\"application\/ld+json\" class=\"yoast-schema-graph\">{\"@context\":\"https:\/\/schema.org\",\"@graph\":[{\"@type\":\"WebPage\",\"@id\":\"https:\/\/www.geoteam.be\/fr\/produit\/hunted\/\",\"url\":\"https:\/\/www.geoteam.be\/fr\/produit\/hunted\/\",\"name\":\"Jeu de ville passionnant Hunted - Do-it-yourself avec vos amis\",\"isPartOf\":{\"@id\":\"https:\/\/www.geoteam.be\/#website\"},\"primaryImageOfPage\":{\"@id\":\"https:\/\/www.geoteam.be\/fr\/produit\/hunted\/#primaryimage\"},\"image\":{\"@id\":\"https:\/\/www.geoteam.be\/fr\/produit\/hunted\/#primaryimage\"},\"thumbnailUrl\":\"https:\/\/www.geoteam.be\/wp-content\/uploads\/2024\/01\/Stadsspel_Hunted.jpg\",\"datePublished\":\"2025-01-04T23:00:54+00:00\",\"description\":\"Criminels et chasseurs de primes s'affrontent dans ce jeu de ville passionnant et sportif. Quelle ville choisirez-vous comme sc\u00e8ne de crime ?\",\"breadcrumb\":{\"@id\":\"https:\/\/www.geoteam.be\/fr\/produit\/hunted\/#breadcrumb\"},\"inLanguage\":\"fr-FR\",\"potentialAction\":[{\"@type\":\"ReadAction\",\"target\":[\"https:\/\/www.geoteam.be\/fr\/produit\/hunted\/\"]}]},{\"@type\":\"ImageObject\",\"inLanguage\":\"fr-FR\",\"@id\":\"https:\/\/www.geoteam.be\/fr\/produit\/hunted\/#primaryimage\",\"url\":\"https:\/\/www.geoteam.be\/wp-content\/uploads\/2024\/01\/Stadsspel_Hunted.jpg\",\"contentUrl\":\"https:\/\/www.geoteam.be\/wp-content\/uploads\/2024\/01\/Stadsspel_Hunted.jpg\",\"width\":374,\"height\":370,\"caption\":\"Stadsspel Hunted\"},{\"@type\":\"BreadcrumbList\",\"@id\":\"https:\/\/www.geoteam.be\/fr\/produit\/hunted\/#breadcrumb\",\"itemListElement\":[{\"@type\":\"ListItem\",\"position\":1,\"name\":\"Home\",\"item\":\"https:\/\/www.geoteam.be\/fr\/\"},{\"@type\":\"ListItem\",\"position\":2,\"name\":\"Hunted\"}]},{\"@type\":\"WebSite\",\"@id\":\"https:\/\/www.geoteam.be\/#website\",\"url\":\"https:\/\/www.geoteam.be\/\",\"name\":\"Geoteam\",\"description\":\"Interactieve stadsspelen &amp; teambuildings\",\"publisher\":{\"@id\":\"https:\/\/www.geoteam.be\/#organization\"},\"potentialAction\":[{\"@type\":\"SearchAction\",\"target\":{\"@type\":\"EntryPoint\",\"urlTemplate\":\"https:\/\/www.geoteam.be\/?s={search_term_string}\"},\"query-input\":{\"@type\":\"PropertyValueSpecification\",\"valueRequired\":true,\"valueName\":\"search_term_string\"}}],\"inLanguage\":\"fr-FR\"},{\"@type\":\"Organization\",\"@id\":\"https:\/\/www.geoteam.be\/#organization\",\"name\":\"Geoteam\",\"url\":\"https:\/\/www.geoteam.be\/\",\"logo\":{\"@type\":\"ImageObject\",\"inLanguage\":\"fr-FR\",\"@id\":\"https:\/\/www.geoteam.be\/#\/schema\/logo\/image\/\",\"url\":\"https:\/\/www.geoteam.be\/wp-content\/uploads\/2023\/09\/GEOTEAM-Website-Logo-Positief.svg\",\"contentUrl\":\"https:\/\/www.geoteam.be\/wp-content\/uploads\/2023\/09\/GEOTEAM-Website-Logo-Positief.svg\",\"caption\":\"Geoteam\"},\"image\":{\"@id\":\"https:\/\/www.geoteam.be\/#\/schema\/logo\/image\/\"}}]}<\/script>\n<!-- \/ Yoast SEO plugin. -->","yoast_head_json":{"title":"Jeu de ville passionnant Hunted - Do-it-yourself avec vos amis","description":"Criminels et chasseurs de primes s'affrontent dans ce jeu de ville passionnant et sportif. Quelle ville choisirez-vous comme sc\u00e8ne de crime ?","robots":{"index":"index","follow":"follow","max-snippet":"max-snippet:-1","max-image-preview":"max-image-preview:large","max-video-preview":"max-video-preview:-1"},"canonical":"https:\/\/www.geoteam.be\/fr\/produit\/hunted\/","og_locale":"fr_FR","og_type":"article","og_title":"Jeu de ville passionnant Hunted - Do-it-yourself avec vos amis","og_description":"Criminels et chasseurs de primes s'affrontent dans ce jeu de ville passionnant et sportif. Quelle ville choisirez-vous comme sc\u00e8ne de crime ?","og_url":"https:\/\/www.geoteam.be\/fr\/produit\/hunted\/","og_site_name":"Geoteam","og_image":[{"width":374,"height":370,"url":"https:\/\/www.geoteam.be\/wp-content\/uploads\/2024\/01\/Stadsspel_Hunted.jpg","type":"image\/jpeg"}],"twitter_card":"summary_large_image","twitter_misc":{"Dur\u00e9e de lecture estim\u00e9e":"1 minute"},"schema":{"@context":"https:\/\/schema.org","@graph":[{"@type":"WebPage","@id":"https:\/\/www.geoteam.be\/fr\/produit\/hunted\/","url":"https:\/\/www.geoteam.be\/fr\/produit\/hunted\/","name":"Jeu de ville passionnant Hunted - Do-it-yourself avec vos amis","isPartOf":{"@id":"https:\/\/www.geoteam.be\/#website"},"primaryImageOfPage":{"@id":"https:\/\/www.geoteam.be\/fr\/produit\/hunted\/#primaryimage"},"image":{"@id":"https:\/\/www.geoteam.be\/fr\/produit\/hunted\/#primaryimage"},"thumbnailUrl":"https:\/\/www.geoteam.be\/wp-content\/uploads\/2024\/01\/Stadsspel_Hunted.jpg","datePublished":"2025-01-04T23:00:54+00:00","description":"Criminels et chasseurs de primes s'affrontent dans ce jeu de ville passionnant et sportif. Quelle ville choisirez-vous comme sc\u00e8ne de crime ?","breadcrumb":{"@id":"https:\/\/www.geoteam.be\/fr\/produit\/hunted\/#breadcrumb"},"inLanguage":"fr-FR","potentialAction":[{"@type":"ReadAction","target":["https:\/\/www.geoteam.be\/fr\/produit\/hunted\/"]}]},{"@type":"ImageObject","inLanguage":"fr-FR","@id":"https:\/\/www.geoteam.be\/fr\/produit\/hunted\/#primaryimage","url":"https:\/\/www.geoteam.be\/wp-content\/uploads\/2024\/01\/Stadsspel_Hunted.jpg","contentUrl":"https:\/\/www.geoteam.be\/wp-content\/uploads\/2024\/01\/Stadsspel_Hunted.jpg","width":374,"height":370,"caption":"Stadsspel Hunted"},{"@type":"BreadcrumbList","@id":"https:\/\/www.geoteam.be\/fr\/produit\/hunted\/#breadcrumb","itemListElement":[{"@type":"ListItem","position":1,"name":"Home","item":"https:\/\/www.geoteam.be\/fr\/"},{"@type":"ListItem","position":2,"name":"Hunted"}]},{"@type":"WebSite","@id":"https:\/\/www.geoteam.be\/#website","url":"https:\/\/www.geoteam.be\/","name":"Geoteam","description":"Interactieve stadsspelen &amp; teambuildings","publisher":{"@id":"https:\/\/www.geoteam.be\/#organization"},"potentialAction":[{"@type":"SearchAction","target":{"@type":"EntryPoint","urlTemplate":"https:\/\/www.geoteam.be\/?s={search_term_string}"},"query-input":{"@type":"PropertyValueSpecification","valueRequired":true,"valueName":"search_term_string"}}],"inLanguage":"fr-FR"},{"@type":"Organization","@id":"https:\/\/www.geoteam.be\/#organization","name":"Geoteam","url":"https:\/\/www.geoteam.be\/","logo":{"@type":"ImageObject","inLanguage":"fr-FR","@id":"https:\/\/www.geoteam.be\/#\/schema\/logo\/image\/","url":"https:\/\/www.geoteam.be\/wp-content\/uploads\/2023\/09\/GEOTEAM-Website-Logo-Positief.svg","contentUrl":"https:\/\/www.geoteam.be\/wp-content\/uploads\/2023\/09\/GEOTEAM-Website-Logo-Positief.svg","caption":"Geoteam"},"image":{"@id":"https:\/\/www.geoteam.be\/#\/schema\/logo\/image\/"}}]}},"_links":{"self":[{"href":"https:\/\/www.geoteam.be\/fr\/wp-json\/wp\/v2\/product\/11518","targetHints":{"allow":["GET"]}}],"collection":[{"href":"https:\/\/www.geoteam.be\/fr\/wp-json\/wp\/v2\/product"}],"about":[{"href":"https:\/\/www.geoteam.be\/fr\/wp-json\/wp\/v2\/types\/product"}],"wp:featuredmedia":[{"embeddable":true,"href":"https:\/\/www.geoteam.be\/fr\/wp-json\/wp\/v2\/media\/8618"}],"wp:attachment":[{"href":"https:\/\/www.geoteam.be\/fr\/wp-json\/wp\/v2\/media?parent=11518"}],"wp:term":[{"taxonomy":"product_brand","embeddable":true,"href":"https:\/\/www.geoteam.be\/fr\/wp-json\/wp\/v2\/product_brand?post=11518"},{"taxonomy":"product_cat","embeddable":true,"href":"https:\/\/www.geoteam.be\/fr\/wp-json\/wp\/v2\/product_cat?post=11518"},{"taxonomy":"product_tag","embeddable":true,"href":"https:\/\/www.geoteam.be\/fr\/wp-json\/wp\/v2\/product_tag?post=11518"},{"taxonomy":"giftcard-category","embeddable":true,"href":"https:\/\/www.geoteam.be\/fr\/wp-json\/wp\/v2\/giftcard-category?post=11518"},{"taxonomy":"tempo","embeddable":true,"href":"https:\/\/www.geoteam.be\/fr\/wp-json\/wp\/v2\/tempo?post=11518"},{"taxonomy":"themas","embeddable":true,"href":"https:\/\/www.geoteam.be\/fr\/wp-json\/wp\/v2\/themas?post=11518"},{"taxonomy":"landen","embeddable":true,"href":"https:\/\/www.geoteam.be\/fr\/wp-json\/wp\/v2\/landen?post=11518"},{"taxonomy":"titels-spelen","embeddable":true,"href":"https:\/\/www.geoteam.be\/fr\/wp-json\/wp\/v2\/titels-spelen?post=11518"},{"taxonomy":"gezelschappen","embeddable":true,"href":"https:\/\/www.geoteam.be\/fr\/wp-json\/wp\/v2\/gezelschappen?post=11518"},{"taxonomy":"leeftijdscategorieen","embeddable":true,"href":"https:\/\/www.geoteam.be\/fr\/wp-json\/wp\/v2\/leeftijdscategorieen?post=11518"},{"taxonomy":"steden","embeddable":true,"href":"https:\/\/www.geoteam.be\/fr\/wp-json\/wp\/v2\/steden?post=11518"}],"curies":[{"name":"wp","href":"https:\/\/api.w.org\/{rel}","templated":true}]}}