{"id":15223,"date":"2024-01-08T00:00:32","date_gmt":"2024-01-07T23:00:32","guid":{"rendered":"https:\/\/www.geoteam.be\/product\/crazy-boules-urban-challenge\/"},"modified":"2025-02-13T10:12:47","modified_gmt":"2025-02-13T09:12:47","slug":"crazy-boules-urban-challenge","status":"publish","type":"product","link":"https:\/\/www.geoteam.be\/fr\/produit\/crazy-boules-urban-challenge\/","title":{"rendered":"Crazy Boules Urban Challenge"},"content":{"rendered":"","protected":false},"excerpt":{"rendered":"<p><strong>Crazy Boules <\/strong>est une variante cr\u00e9ative du jeu de boules traditionnel.<\/p>\n<p>Le jeu se joue avec de petites balles souples de diff\u00e9rentes couleurs. Nous les appelons <strong>Crazy Boules<\/strong> parce qu\u2019elles ne r\u00e9agissent pas toujours comme le joueur l\u2019attend. Par exemple, elles ne roulent pas mais sautillent en raison de leur forme irr\u00e9guli\u00e8re. Contrairement au jeu de boules classique, o\u00f9 l\u2019objectif reste toujours le m\u00eame (lancer le plus pr\u00e8s possible du petit cochonnet), ici, vous r\u00e9alisez une s\u00e9rie de d\u00e9fis amusants dans des configurations surprenantes.<\/p>\n<p data-start=\"552\" data-end=\"737\" data-is-last-node=\"\">Les d\u00e9fis sont combin\u00e9s en une aventure dynamique en ville, o\u00f9 les \u00e9l\u00e9ments urbains sont int\u00e9gr\u00e9s aux objectifs. Pensez \u00e0 un banc dans un parc, un petit pont, un escalier d\u2019un monument\u2026<\/p>\n","protected":false},"featured_media":15202,"template":"","meta":[],"product_brand":[],"product_cat":[734,735],"product_tag":[],"giftcard-category":[],"tempo":[529,525],"themas":[],"landen":[],"titels-spelen":[],"gezelschappen":[552,549,714,705,721,706,720],"leeftijdscategorieen":[],"steden":[557,563,573,577,559,583,589,593,561,607,609,613,619,621,623,631,643,651,657,659,669],"class_list":{"0":"post-15223","1":"product","2":"type-product","3":"status-publish","4":"has-post-thumbnail","6":"product_cat-b2b-fr","7":"product_cat-outdoor-b2b-fr","8":"tempo-peu-importe-fr","9":"tempo-rythme-tranquille-fr","10":"gezelschappen-tieners-fr","11":"gezelschappen-amis-et-famille-fr","12":"gezelschappen-association","13":"gezelschappen-collegues-fr-2","14":"gezelschappen-ecole","15":"gezelschappen-enfants","16":"gezelschappen-entreprise","17":"steden-aalst-fr","18":"steden-antwerpen-fr","19":"steden-bergen-fr","20":"steden-bornem-fr","21":"steden-brugge-fr","22":"steden-brussel-fr","23":"steden-de-panne-fr","24":"steden-diest-fr","25":"steden-gent-fr","26":"steden-halle-fr","27":"steden-hasselt-fr","28":"steden-ieper-fr","29":"steden-kortrijk-fr","30":"steden-leuven-fr","31":"steden-lier-fr","32":"steden-luik-fr","33":"steden-mechelen-fr","34":"steden-namen-fr","35":"steden-oostende-fr","36":"steden-oudenaarde-fr","37":"steden-sint-truiden-fr","39":"first","40":"instock","41":"featured","42":"taxable","43":"shipping-taxable","44":"product-type-simple"},"yoast_head":"<!-- This site is optimized with the Yoast SEO plugin v27.1.1 - https:\/\/yoast.com\/product\/yoast-seo-wordpress\/ -->\n<title>Crazy Boules Urban Challenge - Aventure Urbaine Ludique de P\u00e9tanque<\/title>\n<meta name=\"description\" content=\"Ce jeu de ville Crazy Boules est une variante cr\u00e9ative du &quot;jeu de boules&quot;, qui se joue en ville sous la forme d&#039;une promenade touristique passant par diff\u00e9rents sites.\" \/>\n<meta name=\"robots\" content=\"index, follow, max-snippet:-1, max-image-preview:large, max-video-preview:-1\" \/>\n<link rel=\"canonical\" href=\"https:\/\/www.geoteam.be\/fr\/produit\/crazy-boules-urban-challenge\/\" \/>\n<meta property=\"og:locale\" content=\"fr_FR\" \/>\n<meta property=\"og:type\" content=\"article\" \/>\n<meta property=\"og:title\" content=\"Crazy Boules Urban Challenge - Aventure Urbaine Ludique de P\u00e9tanque\" \/>\n<meta property=\"og:description\" content=\"Ce jeu de ville Crazy Boules est une variante cr\u00e9ative du &quot;jeu de boules&quot;, qui se joue en ville sous la forme d&#039;une promenade touristique passant par diff\u00e9rents sites.\" \/>\n<meta property=\"og:url\" content=\"https:\/\/www.geoteam.be\/fr\/produit\/crazy-boules-urban-challenge\/\" \/>\n<meta property=\"og:site_name\" content=\"Geoteam\" \/>\n<meta property=\"article:modified_time\" content=\"2025-02-13T09:12:47+00:00\" \/>\n<meta property=\"og:image\" content=\"https:\/\/www.geoteam.be\/wp-content\/uploads\/2025\/02\/Crazy-Boules-Urban-Challenge-team.webp\" \/>\n\t<meta property=\"og:image:width\" content=\"1250\" \/>\n\t<meta property=\"og:image:height\" content=\"934\" \/>\n\t<meta property=\"og:image:type\" content=\"image\/webp\" \/>\n<meta name=\"twitter:card\" content=\"summary_large_image\" \/>\n<meta name=\"twitter:label1\" content=\"Dur\u00e9e de lecture estim\u00e9e\" \/>\n\t<meta name=\"twitter:data1\" content=\"1 minute\" \/>\n<script type=\"application\/ld+json\" class=\"yoast-schema-graph\">{\"@context\":\"https:\/\/schema.org\",\"@graph\":[{\"@type\":\"WebPage\",\"@id\":\"https:\/\/www.geoteam.be\/fr\/produit\/crazy-boules-urban-challenge\/\",\"url\":\"https:\/\/www.geoteam.be\/fr\/produit\/crazy-boules-urban-challenge\/\",\"name\":\"Crazy Boules Urban Challenge - Aventure Urbaine Ludique de P\u00e9tanque\",\"isPartOf\":{\"@id\":\"https:\/\/www.geoteam.be\/#website\"},\"primaryImageOfPage\":{\"@id\":\"https:\/\/www.geoteam.be\/fr\/produit\/crazy-boules-urban-challenge\/#primaryimage\"},\"image\":{\"@id\":\"https:\/\/www.geoteam.be\/fr\/produit\/crazy-boules-urban-challenge\/#primaryimage\"},\"thumbnailUrl\":\"https:\/\/www.geoteam.be\/wp-content\/uploads\/2025\/02\/Crazy-Boules-Urban-Challenge-team.webp\",\"datePublished\":\"2024-01-07T23:00:32+00:00\",\"dateModified\":\"2025-02-13T09:12:47+00:00\",\"description\":\"Ce jeu de ville Crazy Boules est une variante cr\u00e9ative du \\\"jeu de boules\\\", qui se joue en ville sous la forme d'une promenade touristique passant par diff\u00e9rents sites.\",\"breadcrumb\":{\"@id\":\"https:\/\/www.geoteam.be\/fr\/produit\/crazy-boules-urban-challenge\/#breadcrumb\"},\"inLanguage\":\"fr-FR\",\"potentialAction\":[{\"@type\":\"ReadAction\",\"target\":[\"https:\/\/www.geoteam.be\/fr\/produit\/crazy-boules-urban-challenge\/\"]}]},{\"@type\":\"ImageObject\",\"inLanguage\":\"fr-FR\",\"@id\":\"https:\/\/www.geoteam.be\/fr\/produit\/crazy-boules-urban-challenge\/#primaryimage\",\"url\":\"https:\/\/www.geoteam.be\/wp-content\/uploads\/2025\/02\/Crazy-Boules-Urban-Challenge-team.webp\",\"contentUrl\":\"https:\/\/www.geoteam.be\/wp-content\/uploads\/2025\/02\/Crazy-Boules-Urban-Challenge-team.webp\",\"width\":1250,\"height\":934,\"caption\":\"L'\u00e9quipe du Crazy Boules Urban Challenge\"},{\"@type\":\"BreadcrumbList\",\"@id\":\"https:\/\/www.geoteam.be\/fr\/produit\/crazy-boules-urban-challenge\/#breadcrumb\",\"itemListElement\":[{\"@type\":\"ListItem\",\"position\":1,\"name\":\"Home\",\"item\":\"https:\/\/www.geoteam.be\/fr\/\"},{\"@type\":\"ListItem\",\"position\":2,\"name\":\"Crazy Boules Urban Challenge\"}]},{\"@type\":\"WebSite\",\"@id\":\"https:\/\/www.geoteam.be\/#website\",\"url\":\"https:\/\/www.geoteam.be\/\",\"name\":\"Geoteam\",\"description\":\"Interactieve stadsspelen &amp; teambuildings\",\"publisher\":{\"@id\":\"https:\/\/www.geoteam.be\/#organization\"},\"potentialAction\":[{\"@type\":\"SearchAction\",\"target\":{\"@type\":\"EntryPoint\",\"urlTemplate\":\"https:\/\/www.geoteam.be\/?s={search_term_string}\"},\"query-input\":{\"@type\":\"PropertyValueSpecification\",\"valueRequired\":true,\"valueName\":\"search_term_string\"}}],\"inLanguage\":\"fr-FR\"},{\"@type\":\"Organization\",\"@id\":\"https:\/\/www.geoteam.be\/#organization\",\"name\":\"Geoteam\",\"url\":\"https:\/\/www.geoteam.be\/\",\"logo\":{\"@type\":\"ImageObject\",\"inLanguage\":\"fr-FR\",\"@id\":\"https:\/\/www.geoteam.be\/#\/schema\/logo\/image\/\",\"url\":\"https:\/\/www.geoteam.be\/wp-content\/uploads\/2023\/09\/GEOTEAM-Website-Logo-Positief.svg\",\"contentUrl\":\"https:\/\/www.geoteam.be\/wp-content\/uploads\/2023\/09\/GEOTEAM-Website-Logo-Positief.svg\",\"caption\":\"Geoteam\"},\"image\":{\"@id\":\"https:\/\/www.geoteam.be\/#\/schema\/logo\/image\/\"}}]}<\/script>\n<!-- \/ Yoast SEO plugin. -->","yoast_head_json":{"title":"Crazy Boules Urban Challenge - Aventure Urbaine Ludique de P\u00e9tanque","description":"Ce jeu de ville Crazy Boules est une variante cr\u00e9ative du \"jeu de boules\", qui se joue en ville sous la forme d'une promenade touristique passant par diff\u00e9rents sites.","robots":{"index":"index","follow":"follow","max-snippet":"max-snippet:-1","max-image-preview":"max-image-preview:large","max-video-preview":"max-video-preview:-1"},"canonical":"https:\/\/www.geoteam.be\/fr\/produit\/crazy-boules-urban-challenge\/","og_locale":"fr_FR","og_type":"article","og_title":"Crazy Boules Urban Challenge - Aventure Urbaine Ludique de P\u00e9tanque","og_description":"Ce jeu de ville Crazy Boules est une variante cr\u00e9ative du \"jeu de boules\", qui se joue en ville sous la forme d'une promenade touristique passant par diff\u00e9rents sites.","og_url":"https:\/\/www.geoteam.be\/fr\/produit\/crazy-boules-urban-challenge\/","og_site_name":"Geoteam","article_modified_time":"2025-02-13T09:12:47+00:00","og_image":[{"width":1250,"height":934,"url":"https:\/\/www.geoteam.be\/wp-content\/uploads\/2025\/02\/Crazy-Boules-Urban-Challenge-team.webp","type":"image\/webp"}],"twitter_card":"summary_large_image","twitter_misc":{"Dur\u00e9e de lecture estim\u00e9e":"1 minute"},"schema":{"@context":"https:\/\/schema.org","@graph":[{"@type":"WebPage","@id":"https:\/\/www.geoteam.be\/fr\/produit\/crazy-boules-urban-challenge\/","url":"https:\/\/www.geoteam.be\/fr\/produit\/crazy-boules-urban-challenge\/","name":"Crazy Boules Urban Challenge - Aventure Urbaine Ludique de P\u00e9tanque","isPartOf":{"@id":"https:\/\/www.geoteam.be\/#website"},"primaryImageOfPage":{"@id":"https:\/\/www.geoteam.be\/fr\/produit\/crazy-boules-urban-challenge\/#primaryimage"},"image":{"@id":"https:\/\/www.geoteam.be\/fr\/produit\/crazy-boules-urban-challenge\/#primaryimage"},"thumbnailUrl":"https:\/\/www.geoteam.be\/wp-content\/uploads\/2025\/02\/Crazy-Boules-Urban-Challenge-team.webp","datePublished":"2024-01-07T23:00:32+00:00","dateModified":"2025-02-13T09:12:47+00:00","description":"Ce jeu de ville Crazy Boules est une variante cr\u00e9ative du \"jeu de boules\", qui se joue en ville sous la forme d'une promenade touristique passant par diff\u00e9rents sites.","breadcrumb":{"@id":"https:\/\/www.geoteam.be\/fr\/produit\/crazy-boules-urban-challenge\/#breadcrumb"},"inLanguage":"fr-FR","potentialAction":[{"@type":"ReadAction","target":["https:\/\/www.geoteam.be\/fr\/produit\/crazy-boules-urban-challenge\/"]}]},{"@type":"ImageObject","inLanguage":"fr-FR","@id":"https:\/\/www.geoteam.be\/fr\/produit\/crazy-boules-urban-challenge\/#primaryimage","url":"https:\/\/www.geoteam.be\/wp-content\/uploads\/2025\/02\/Crazy-Boules-Urban-Challenge-team.webp","contentUrl":"https:\/\/www.geoteam.be\/wp-content\/uploads\/2025\/02\/Crazy-Boules-Urban-Challenge-team.webp","width":1250,"height":934,"caption":"L'\u00e9quipe du Crazy Boules Urban Challenge"},{"@type":"BreadcrumbList","@id":"https:\/\/www.geoteam.be\/fr\/produit\/crazy-boules-urban-challenge\/#breadcrumb","itemListElement":[{"@type":"ListItem","position":1,"name":"Home","item":"https:\/\/www.geoteam.be\/fr\/"},{"@type":"ListItem","position":2,"name":"Crazy Boules Urban Challenge"}]},{"@type":"WebSite","@id":"https:\/\/www.geoteam.be\/#website","url":"https:\/\/www.geoteam.be\/","name":"Geoteam","description":"Interactieve stadsspelen &amp; teambuildings","publisher":{"@id":"https:\/\/www.geoteam.be\/#organization"},"potentialAction":[{"@type":"SearchAction","target":{"@type":"EntryPoint","urlTemplate":"https:\/\/www.geoteam.be\/?s={search_term_string}"},"query-input":{"@type":"PropertyValueSpecification","valueRequired":true,"valueName":"search_term_string"}}],"inLanguage":"fr-FR"},{"@type":"Organization","@id":"https:\/\/www.geoteam.be\/#organization","name":"Geoteam","url":"https:\/\/www.geoteam.be\/","logo":{"@type":"ImageObject","inLanguage":"fr-FR","@id":"https:\/\/www.geoteam.be\/#\/schema\/logo\/image\/","url":"https:\/\/www.geoteam.be\/wp-content\/uploads\/2023\/09\/GEOTEAM-Website-Logo-Positief.svg","contentUrl":"https:\/\/www.geoteam.be\/wp-content\/uploads\/2023\/09\/GEOTEAM-Website-Logo-Positief.svg","caption":"Geoteam"},"image":{"@id":"https:\/\/www.geoteam.be\/#\/schema\/logo\/image\/"}}]}},"_links":{"self":[{"href":"https:\/\/www.geoteam.be\/fr\/wp-json\/wp\/v2\/product\/15223","targetHints":{"allow":["GET"]}}],"collection":[{"href":"https:\/\/www.geoteam.be\/fr\/wp-json\/wp\/v2\/product"}],"about":[{"href":"https:\/\/www.geoteam.be\/fr\/wp-json\/wp\/v2\/types\/product"}],"wp:featuredmedia":[{"embeddable":true,"href":"https:\/\/www.geoteam.be\/fr\/wp-json\/wp\/v2\/media\/15202"}],"wp:attachment":[{"href":"https:\/\/www.geoteam.be\/fr\/wp-json\/wp\/v2\/media?parent=15223"}],"wp:term":[{"taxonomy":"product_brand","embeddable":true,"href":"https:\/\/www.geoteam.be\/fr\/wp-json\/wp\/v2\/product_brand?post=15223"},{"taxonomy":"product_cat","embeddable":true,"href":"https:\/\/www.geoteam.be\/fr\/wp-json\/wp\/v2\/product_cat?post=15223"},{"taxonomy":"product_tag","embeddable":true,"href":"https:\/\/www.geoteam.be\/fr\/wp-json\/wp\/v2\/product_tag?post=15223"},{"taxonomy":"giftcard-category","embeddable":true,"href":"https:\/\/www.geoteam.be\/fr\/wp-json\/wp\/v2\/giftcard-category?post=15223"},{"taxonomy":"tempo","embeddable":true,"href":"https:\/\/www.geoteam.be\/fr\/wp-json\/wp\/v2\/tempo?post=15223"},{"taxonomy":"themas","embeddable":true,"href":"https:\/\/www.geoteam.be\/fr\/wp-json\/wp\/v2\/themas?post=15223"},{"taxonomy":"landen","embeddable":true,"href":"https:\/\/www.geoteam.be\/fr\/wp-json\/wp\/v2\/landen?post=15223"},{"taxonomy":"titels-spelen","embeddable":true,"href":"https:\/\/www.geoteam.be\/fr\/wp-json\/wp\/v2\/titels-spelen?post=15223"},{"taxonomy":"gezelschappen","embeddable":true,"href":"https:\/\/www.geoteam.be\/fr\/wp-json\/wp\/v2\/gezelschappen?post=15223"},{"taxonomy":"leeftijdscategorieen","embeddable":true,"href":"https:\/\/www.geoteam.be\/fr\/wp-json\/wp\/v2\/leeftijdscategorieen?post=15223"},{"taxonomy":"steden","embeddable":true,"href":"https:\/\/www.geoteam.be\/fr\/wp-json\/wp\/v2\/steden?post=15223"}],"curies":[{"name":"wp","href":"https:\/\/api.w.org\/{rel}","templated":true}]}}